{"id":480,"date":"2025-05-05T11:31:55","date_gmt":"2025-05-05T17:31:55","guid":{"rendered":"https:\/\/chiligomis.mx\/?post_type=product&#038;p=480"},"modified":"2025-05-13T18:20:29","modified_gmt":"2025-05-14T00:20:29","slug":"frutas-tropicales-120-grs-250-grs","status":"publish","type":"product","link":"https:\/\/chiligomis.mx\/index.php\/producto\/frutas-tropicales-120-grs-250-grs\/","title":{"rendered":"Frutas Tropicales"},"content":{"rendered":"<h3 class=\"\" data-start=\"105\" data-end=\"181\"><strong data-start=\"112\" data-end=\"147\">Frutas Tropicales Deshidratadas<\/strong> \u2013 Presentaciones de 120 g y 250 g<\/h3>\n<p class=\"\" data-start=\"183\" data-end=\"514\">Disfruta una mezcla ex\u00f3tica y deliciosa de frutas tropicales cuidadosamente seleccionadas y deshidratadas para conservar todo su sabor y nutrientes. Nuestra presentaci\u00f3n incluye trozos de pi\u00f1a, mango, papaya y pl\u00e1tano, ideales como snack saludable, complemento para yogures o ensaladas, o como un regalo natural y lleno de energ\u00eda.<\/p>\n<p class=\"\" data-start=\"521\" data-end=\"552\"><strong data-start=\"521\" data-end=\"552\">Presentaciones disponibles:<\/strong><\/p>\n<ul data-start=\"553\" data-end=\"614\">\n<li class=\"\" data-start=\"553\" data-end=\"597\">\n<p class=\"\" data-start=\"555\" data-end=\"597\"><strong data-start=\"555\" data-end=\"569\">120 gramos<\/strong> (compra m\u00ednima: 3 unidades)<\/p>\n<\/li>\n<li class=\"\" data-start=\"598\" data-end=\"614\">\n<p class=\"\" data-start=\"600\" data-end=\"614\"><strong data-start=\"600\" data-end=\"614\">250 gramos<\/strong><\/p>\n<\/li>\n<\/ul>\n","protected":false},"excerpt":{"rendered":"<p>Frutas Tropicales Deshidratadas \u2013 Presentaciones de 120 g y 250 g Disfruta una mezcla ex\u00f3tica y deliciosa de frutas tropicales cuidadosamente seleccionadas y deshidratadas para conservar todo su sabor y nutrientes. Nuestra presentaci\u00f3n incluye trozos de pi\u00f1a, mango, papaya y pl\u00e1tano, ideales como snack saludable, complemento para yogures o ensaladas, o como un regalo natural &hellip; <\/p>\n<p class=\"link-more\"><a href=\"https:\/\/chiligomis.mx\/index.php\/producto\/frutas-tropicales-120-grs-250-grs\/\" class=\"more-link\">Continuar leyendo<span class=\"screen-reader-text\"> &#8220;Frutas Tropicales&#8221;<\/span><\/a><\/p>\n","protected":false},"featured_media":1000,"comment_status":"open","ping_status":"closed","template":"","meta":{"_joinchat":[]},"product_brand":[],"product_cat":[44],"product_tag":[],"class_list":{"0":"post-480","1":"product","2":"type-product","3":"status-publish","4":"has-post-thumbnail","6":"product_cat-gomitas-enchiladas","8":"first","9":"instock","10":"purchasable","11":"product-type-variable"},"_links":{"self":[{"href":"https:\/\/chiligomis.mx\/index.php\/wp-json\/wp\/v2\/product\/480","targetHints":{"allow":["GET"]}}],"collection":[{"href":"https:\/\/chiligomis.mx\/index.php\/wp-json\/wp\/v2\/product"}],"about":[{"href":"https:\/\/chiligomis.mx\/index.php\/wp-json\/wp\/v2\/types\/product"}],"replies":[{"embeddable":true,"href":"https:\/\/chiligomis.mx\/index.php\/wp-json\/wp\/v2\/comments?post=480"}],"wp:featuredmedia":[{"embeddable":true,"href":"https:\/\/chiligomis.mx\/index.php\/wp-json\/wp\/v2\/media\/1000"}],"wp:attachment":[{"href":"https:\/\/chiligomis.mx\/index.php\/wp-json\/wp\/v2\/media?parent=480"}],"wp:term":[{"taxonomy":"product_brand","embeddable":true,"href":"https:\/\/chiligomis.mx\/index.php\/wp-json\/wp\/v2\/product_brand?post=480"},{"taxonomy":"product_cat","embeddable":true,"href":"https:\/\/chiligomis.mx\/index.php\/wp-json\/wp\/v2\/product_cat?post=480"},{"taxonomy":"product_tag","embeddable":true,"href":"https:\/\/chiligomis.mx\/index.php\/wp-json\/wp\/v2\/product_tag?post=480"}],"curies":[{"name":"wp","href":"https:\/\/api.w.org\/{rel}","templated":true}]}}