{"id":477,"date":"2025-05-05T11:22:37","date_gmt":"2025-05-05T17:22:37","guid":{"rendered":"https:\/\/chiligomis.mx\/?post_type=product&#038;p=477"},"modified":"2025-05-13T17:29:54","modified_gmt":"2025-05-13T23:29:54","slug":"panditas-enchiladas-120-grs-250-grs","status":"publish","type":"product","link":"https:\/\/chiligomis.mx\/index.php\/producto\/panditas-enchiladas-120-grs-250-grs\/","title":{"rendered":"Ositos Enchilados"},"content":{"rendered":"<h3 class=\"\" data-start=\"136\" data-end=\"198\">\ud83d\udc3b <strong data-start=\"143\" data-end=\"164\">Ositos Enchilados<\/strong> \u2013 Dulce y Picante en Cada Mordida<\/h3>\n<p class=\"\" data-start=\"200\" data-end=\"436\">\u00a1El cl\u00e1sico osito de goma con un giro mexicano que te encantar\u00e1! Nuestros <strong data-start=\"274\" data-end=\"295\">Ositos Enchilados<\/strong> combinan la suavidad y dulzura del gomita con el toque picante del chile en polvo y lim\u00f3n, creando un sabor \u00fanico que explota en tu paladar.<\/p>\n<hr class=\"\" data-start=\"438\" data-end=\"441\" \/>\n<p class=\"\" data-start=\"443\" data-end=\"474\"><strong data-start=\"443\" data-end=\"474\">Presentaciones disponibles:<\/strong><\/p>\n<ul data-start=\"475\" data-end=\"536\">\n<li class=\"\" data-start=\"475\" data-end=\"519\">\n<p class=\"\" data-start=\"477\" data-end=\"519\"><strong data-start=\"477\" data-end=\"491\">120 gramos<\/strong> (compra m\u00ednima: 3 unidades)<\/p>\n<\/li>\n<li class=\"\" data-start=\"520\" data-end=\"536\">\n<p class=\"\" data-start=\"522\" data-end=\"536\"><strong data-start=\"522\" data-end=\"536\">250 gramos<\/strong><\/p>\n<\/li>\n<\/ul>\n<hr class=\"\" data-start=\"538\" data-end=\"541\" \/>\n<p class=\"\" data-start=\"543\" data-end=\"563\"><strong data-start=\"543\" data-end=\"563\">Caracter\u00edsticas:<\/strong><\/p>\n<ul data-start=\"564\" data-end=\"757\">\n<li class=\"\" data-start=\"564\" data-end=\"604\">\n<p class=\"\" data-start=\"566\" data-end=\"604\">Elaborados con gomitas de alta calidad<\/p>\n<\/li>\n<li class=\"\" data-start=\"605\" data-end=\"659\">\n<p class=\"\" data-start=\"607\" data-end=\"659\">Cubiertos artesanalmente con mezcla de chile y lim\u00f3n<\/p>\n<\/li>\n<li class=\"\" data-start=\"660\" data-end=\"715\">\n<p class=\"\" data-start=\"662\" data-end=\"715\">Perfectos para compartir o darte un antojo individual<\/p>\n<\/li>\n<li class=\"\" data-start=\"716\" data-end=\"757\">\n<p class=\"\" data-start=\"718\" data-end=\"757\">Textura suave, con un picor equilibrado<\/p>\n<\/li>\n<\/ul>\n<hr class=\"\" data-start=\"759\" data-end=\"762\" \/>\n<p class=\"\" data-start=\"764\" data-end=\"786\"><strong data-start=\"764\" data-end=\"786\">Recomendados para:<\/strong><\/p>\n<ul data-start=\"787\" data-end=\"903\">\n<li class=\"\" data-start=\"787\" data-end=\"825\">\n<p class=\"\" data-start=\"789\" data-end=\"825\">Fiestas, reuniones y mesas de dulces<\/p>\n<\/li>\n<li class=\"\" data-start=\"826\" data-end=\"859\">\n<p class=\"\" data-start=\"828\" data-end=\"859\">Regalos divertidos y originales<\/p>\n<\/li>\n<li class=\"\" data-start=\"860\" data-end=\"903\">\n<p class=\"\" data-start=\"862\" data-end=\"903\">Amantes del dulce con un toque de picante<\/p>\n<\/li>\n<\/ul>\n<hr class=\"\" data-start=\"905\" data-end=\"908\" \/>\n<p class=\"\" data-start=\"910\" data-end=\"947\">\ud83c\udf36\ufe0f <em data-start=\"914\" data-end=\"947\">\u00a1P\u00edcalos, disfr\u00fatalos y repite!<\/em><\/p>\n","protected":false},"excerpt":{"rendered":"<p>\ud83d\udc3b Ositos Enchilados \u2013 Dulce y Picante en Cada Mordida \u00a1El cl\u00e1sico osito de goma con un giro mexicano que te encantar\u00e1! Nuestros Ositos Enchilados combinan la suavidad y dulzura del gomita con el toque picante del chile en polvo y lim\u00f3n, creando un sabor \u00fanico que explota en tu paladar. Presentaciones disponibles: 120 gramos &hellip; <\/p>\n<p class=\"link-more\"><a href=\"https:\/\/chiligomis.mx\/index.php\/producto\/panditas-enchiladas-120-grs-250-grs\/\" class=\"more-link\">Continuar leyendo<span class=\"screen-reader-text\"> &#8220;Ositos Enchilados&#8221;<\/span><\/a><\/p>\n","protected":false},"featured_media":990,"comment_status":"open","ping_status":"closed","template":"","meta":{"_joinchat":[]},"product_brand":[],"product_cat":[44],"product_tag":[],"class_list":{"0":"post-477","1":"product","2":"type-product","3":"status-publish","4":"has-post-thumbnail","6":"product_cat-gomitas-enchiladas","8":"first","9":"instock","10":"purchasable","11":"product-type-variable"},"_links":{"self":[{"href":"https:\/\/chiligomis.mx\/index.php\/wp-json\/wp\/v2\/product\/477","targetHints":{"allow":["GET"]}}],"collection":[{"href":"https:\/\/chiligomis.mx\/index.php\/wp-json\/wp\/v2\/product"}],"about":[{"href":"https:\/\/chiligomis.mx\/index.php\/wp-json\/wp\/v2\/types\/product"}],"replies":[{"embeddable":true,"href":"https:\/\/chiligomis.mx\/index.php\/wp-json\/wp\/v2\/comments?post=477"}],"wp:featuredmedia":[{"embeddable":true,"href":"https:\/\/chiligomis.mx\/index.php\/wp-json\/wp\/v2\/media\/990"}],"wp:attachment":[{"href":"https:\/\/chiligomis.mx\/index.php\/wp-json\/wp\/v2\/media?parent=477"}],"wp:term":[{"taxonomy":"product_brand","embeddable":true,"href":"https:\/\/chiligomis.mx\/index.php\/wp-json\/wp\/v2\/product_brand?post=477"},{"taxonomy":"product_cat","embeddable":true,"href":"https:\/\/chiligomis.mx\/index.php\/wp-json\/wp\/v2\/product_cat?post=477"},{"taxonomy":"product_tag","embeddable":true,"href":"https:\/\/chiligomis.mx\/index.php\/wp-json\/wp\/v2\/product_tag?post=477"}],"curies":[{"name":"wp","href":"https:\/\/api.w.org\/{rel}","templated":true}]}}