{"id":313,"date":"2025-04-10T10:52:22","date_gmt":"2025-04-10T16:52:22","guid":{"rendered":"https:\/\/chiligomis.mx\/index.php\/producto\/lombriz-enchilada-250-grs\/"},"modified":"2025-05-13T17:34:10","modified_gmt":"2025-05-13T23:34:10","slug":"lombriz-enchilada-250-grs","status":"publish","type":"product","link":"https:\/\/chiligomis.mx\/index.php\/producto\/lombriz-enchilada-250-grs\/","title":{"rendered":"Lombriz Enchilada"},"content":{"rendered":"<h3 class=\"\" data-start=\"123\" data-end=\"201\">\ud83e\udeb1 <strong data-start=\"130\" data-end=\"151\">Lombriz Enchilada<\/strong> \u2013 Dulce, \u00c1cida y con el Toque Perfecto de Picante<\/h3>\n<p class=\"\" data-start=\"203\" data-end=\"466\">La cl\u00e1sica gomita de lombriz reinventada con un sabor atrevido y 100% mexicano. Nuestra <strong data-start=\"291\" data-end=\"312\">Lombriz Enchilada<\/strong> est\u00e1 cubierta con una mezcla especial de chile en polvo, lim\u00f3n y un toque de tamarindo que la hace irresistible para los fans del antojo dulce y picante.<\/p>\n<hr class=\"\" data-start=\"468\" data-end=\"471\" \/>\n<p class=\"\" data-start=\"473\" data-end=\"504\"><strong data-start=\"473\" data-end=\"504\">Presentaciones disponibles:<\/strong><\/p>\n<ul data-start=\"505\" data-end=\"566\">\n<li class=\"\" data-start=\"505\" data-end=\"549\">\n<p class=\"\" data-start=\"507\" data-end=\"549\"><strong data-start=\"507\" data-end=\"521\">120 gramos<\/strong> (compra m\u00ednima: 3 unidades)<\/p>\n<\/li>\n<li class=\"\" data-start=\"550\" data-end=\"566\">\n<p class=\"\" data-start=\"552\" data-end=\"566\"><strong data-start=\"552\" data-end=\"566\">250 gramos<\/strong><\/p>\n<\/li>\n<\/ul>\n<hr class=\"\" data-start=\"568\" data-end=\"571\" \/>\n<p class=\"\" data-start=\"573\" data-end=\"593\"><strong data-start=\"573\" data-end=\"593\">Caracter\u00edsticas:<\/strong><\/p>\n<ul data-start=\"594\" data-end=\"771\">\n<li class=\"\" data-start=\"594\" data-end=\"638\">\n<p class=\"\" data-start=\"596\" data-end=\"638\">Gomita suave con sabores frutales y \u00e1cidos<\/p>\n<\/li>\n<li class=\"\" data-start=\"639\" data-end=\"689\">\n<p class=\"\" data-start=\"641\" data-end=\"689\">Ba\u00f1adas artesanalmente en salsa y chile en polvo<\/p>\n<\/li>\n<li class=\"\" data-start=\"690\" data-end=\"738\">\n<p class=\"\" data-start=\"692\" data-end=\"738\">Balance perfecto entre dulzura, acidez y picor<\/p>\n<\/li>\n<li class=\"\" data-start=\"739\" data-end=\"771\">\n<p class=\"\" data-start=\"741\" data-end=\"771\">Sin conservadores artificiales<\/p>\n<\/li>\n<\/ul>\n<hr class=\"\" data-start=\"773\" data-end=\"776\" \/>\n<p class=\"\" data-start=\"778\" data-end=\"797\"><strong data-start=\"778\" data-end=\"797\">Perfectas para:<\/strong><\/p>\n<ul data-start=\"798\" data-end=\"909\">\n<li class=\"\" data-start=\"798\" data-end=\"835\">\n<p class=\"\" data-start=\"800\" data-end=\"835\">Regalar, compartir o disfrutar solo<\/p>\n<\/li>\n<li class=\"\" data-start=\"836\" data-end=\"872\">\n<p class=\"\" data-start=\"838\" data-end=\"872\">Eventos, fiestas y mesas de dulces<\/p>\n<\/li>\n<li class=\"\" data-start=\"873\" data-end=\"909\">\n<p class=\"\" data-start=\"875\" data-end=\"909\">Fans del sabor intenso y divertido<\/p>\n<\/li>\n<\/ul>\n<hr class=\"\" data-start=\"911\" data-end=\"914\" \/>\n<p class=\"\" data-start=\"916\" data-end=\"996\">\ud83d\udd25 <em data-start=\"919\" data-end=\"995\">Una explosi\u00f3n de sabor en cada mordida. \u00a1Pru\u00e9balas y no querr\u00e1s compartir!<\/em><\/p>\n","protected":false},"excerpt":{"rendered":"<p>\ud83e\udeb1 Lombriz Enchilada \u2013 Dulce, \u00c1cida y con el Toque Perfecto de Picante La cl\u00e1sica gomita de lombriz reinventada con un sabor atrevido y 100% mexicano. Nuestra Lombriz Enchilada est\u00e1 cubierta con una mezcla especial de chile en polvo, lim\u00f3n y un toque de tamarindo que la hace irresistible para los fans del antojo dulce &hellip; <\/p>\n<p class=\"link-more\"><a href=\"https:\/\/chiligomis.mx\/index.php\/producto\/lombriz-enchilada-250-grs\/\" class=\"more-link\">Continuar leyendo<span class=\"screen-reader-text\"> &#8220;Lombriz Enchilada&#8221;<\/span><\/a><\/p>\n","protected":false},"featured_media":991,"comment_status":"open","ping_status":"closed","template":"","meta":{"_joinchat":[]},"product_brand":[],"product_cat":[44],"product_tag":[31,30,45,32],"class_list":{"0":"post-313","1":"product","2":"type-product","3":"status-publish","4":"has-post-thumbnail","6":"product_cat-gomitas-enchiladas","7":"product_tag-dulce","8":"product_tag-enchilado","9":"product_tag-lombriz","10":"product_tag-picoso","12":"first","13":"instock","14":"purchasable","15":"product-type-variable"},"_links":{"self":[{"href":"https:\/\/chiligomis.mx\/index.php\/wp-json\/wp\/v2\/product\/313","targetHints":{"allow":["GET"]}}],"collection":[{"href":"https:\/\/chiligomis.mx\/index.php\/wp-json\/wp\/v2\/product"}],"about":[{"href":"https:\/\/chiligomis.mx\/index.php\/wp-json\/wp\/v2\/types\/product"}],"replies":[{"embeddable":true,"href":"https:\/\/chiligomis.mx\/index.php\/wp-json\/wp\/v2\/comments?post=313"}],"wp:featuredmedia":[{"embeddable":true,"href":"https:\/\/chiligomis.mx\/index.php\/wp-json\/wp\/v2\/media\/991"}],"wp:attachment":[{"href":"https:\/\/chiligomis.mx\/index.php\/wp-json\/wp\/v2\/media?parent=313"}],"wp:term":[{"taxonomy":"product_brand","embeddable":true,"href":"https:\/\/chiligomis.mx\/index.php\/wp-json\/wp\/v2\/product_brand?post=313"},{"taxonomy":"product_cat","embeddable":true,"href":"https:\/\/chiligomis.mx\/index.php\/wp-json\/wp\/v2\/product_cat?post=313"},{"taxonomy":"product_tag","embeddable":true,"href":"https:\/\/chiligomis.mx\/index.php\/wp-json\/wp\/v2\/product_tag?post=313"}],"curies":[{"name":"wp","href":"https:\/\/api.w.org\/{rel}","templated":true}]}}