{"id":334,"date":"2025-04-11T08:35:22","date_gmt":"2025-04-11T14:35:22","guid":{"rendered":"https:\/\/chiligomis.mx\/?page_id=334"},"modified":"2025-04-23T10:44:37","modified_gmt":"2025-04-23T16:44:37","slug":"charolas","status":"publish","type":"page","link":"https:\/\/chiligomis.mx\/index.php\/charolas\/","title":{"rendered":"Charolas"},"content":{"rendered":"\n<p>\u00bfTienes antojo de algo delicioso y variado? \u00a1Aqu\u00ed puedes crear tu charola perfecta en solo 3 pasos!<\/p>\n\n\n\n<h3 class=\"wp-block-heading\">\ud83d\udc49 \u00bfC\u00f3mo funciona?<\/h3>\n\n\n\n<ol class=\"wp-block-list\">\n<li><strong>Dale click a la opci\u00f3n \u201cCharola Armable \u201d<\/strong><br>Encontrar\u00e1s nuestra base especial para comenzar tu combinaci\u00f3n.<\/li>\n\n\n\n<li><strong>Elige 5 <\/strong> <strong>de nuestros diferentes Productos<\/strong><br>Puedes seleccionar entre diferentes productos. \u00a1T\u00fa decides!<\/li>\n\n\n\n<li><strong>Agrega al carrito y listo<\/strong><br>Revisa tu selecci\u00f3n y a\u00f1\u00e1delo al carrito. \u00a1Nosotros nos encargamos del resto!<\/li>\n<\/ol>\n\n\n\n<blockquote class=\"wp-block-quote is-layout-flow wp-block-quote-is-layout-flow\">\n<p>\ud83d\uded2 \u00a1Disfruta una charola personalizada, fresca y hecha a tu gusto!<\/p>\n\n\n\n<div class=\"wp-block-columns is-layout-flex wp-container-core-columns-is-layout-9d6595d7 wp-block-columns-is-layout-flex\">\n<div class=\"wp-block-column is-layout-flow wp-block-column-is-layout-flow\"><div class=\"woocommerce columns-3 \"><ul class=\"products columns-3\">\n<li class=\"product type-product post-823 status-publish first instock product_cat-charola-base has-post-thumbnail purchasable product-type-variable\">\n\t<a href=\"https:\/\/chiligomis.mx\/index.php\/producto\/charola-armable-5-productos\/\" class=\"woocommerce-LoopProduct-link woocommerce-loop-product__link\"><img fetchpriority=\"high\" decoding=\"async\" width=\"250\" height=\"250\" src=\"https:\/\/chiligomis.mx\/wp-content\/uploads\/2025\/03\/charola-botanera-250x250.jpg\" class=\"attachment-woocommerce_thumbnail size-woocommerce_thumbnail\" alt=\"Charola Armable 5 Productos\" srcset=\"https:\/\/chiligomis.mx\/wp-content\/uploads\/2025\/03\/charola-botanera-250x250.jpg 250w, https:\/\/chiligomis.mx\/wp-content\/uploads\/2025\/03\/charola-botanera-300x300.jpg 300w, https:\/\/chiligomis.mx\/wp-content\/uploads\/2025\/03\/charola-botanera-1024x1024.jpg 1024w, https:\/\/chiligomis.mx\/wp-content\/uploads\/2025\/03\/charola-botanera-150x150.jpg 150w, https:\/\/chiligomis.mx\/wp-content\/uploads\/2025\/03\/charola-botanera-768x768.jpg 768w, https:\/\/chiligomis.mx\/wp-content\/uploads\/2025\/03\/charola-botanera-100x100.jpg 100w, https:\/\/chiligomis.mx\/wp-content\/uploads\/2025\/03\/charola-botanera-350x350.jpg 350w, https:\/\/chiligomis.mx\/wp-content\/uploads\/2025\/03\/charola-botanera.jpg 1100w\" sizes=\"100vw\" \/><h2 class=\"woocommerce-loop-product__title\">Charola Armable 5 Productos<\/h2>\n\t<span class=\"price\"><span class=\"woocommerce-Price-amount amount\"><bdi><span class=\"woocommerce-Price-currencySymbol\">&#36;<\/span>480.00<\/bdi><\/span><\/span>\n<\/a><a href=\"https:\/\/chiligomis.mx\/index.php\/producto\/charola-armable-5-productos\/\" aria-describedby=\"woocommerce_loop_add_to_cart_link_describedby_823\" data-quantity=\"1\" class=\"button product_type_variable add_to_cart_button\" data-product_id=\"823\" data-product_sku=\"\" aria-label=\"Elige las opciones para &ldquo;Charola Armable 5 Productos&rdquo;\" rel=\"nofollow\">Seleccionar opciones<\/a>\t<span id=\"woocommerce_loop_add_to_cart_link_describedby_823\" class=\"screen-reader-text\">\n\t\tEste producto tiene m\u00faltiples variantes. Las opciones se pueden elegir en la p\u00e1gina de producto\t<\/span>\n<\/li>\n<li class=\"product type-product post-620 status-publish instock product_cat-charola-base has-post-thumbnail shipping-taxable purchasable product-type-variable\">\n\t<a href=\"https:\/\/chiligomis.mx\/index.php\/producto\/charola-armable-4-productos\/\" class=\"woocommerce-LoopProduct-link woocommerce-loop-product__link\"><img decoding=\"async\" width=\"250\" height=\"250\" src=\"https:\/\/chiligomis.mx\/wp-content\/uploads\/2025\/03\/charola-botanera-250x250.jpg\" class=\"attachment-woocommerce_thumbnail size-woocommerce_thumbnail\" alt=\"Charola Armable 4 Productos\" srcset=\"https:\/\/chiligomis.mx\/wp-content\/uploads\/2025\/03\/charola-botanera-250x250.jpg 250w, https:\/\/chiligomis.mx\/wp-content\/uploads\/2025\/03\/charola-botanera-300x300.jpg 300w, https:\/\/chiligomis.mx\/wp-content\/uploads\/2025\/03\/charola-botanera-1024x1024.jpg 1024w, https:\/\/chiligomis.mx\/wp-content\/uploads\/2025\/03\/charola-botanera-150x150.jpg 150w, https:\/\/chiligomis.mx\/wp-content\/uploads\/2025\/03\/charola-botanera-768x768.jpg 768w, https:\/\/chiligomis.mx\/wp-content\/uploads\/2025\/03\/charola-botanera-100x100.jpg 100w, https:\/\/chiligomis.mx\/wp-content\/uploads\/2025\/03\/charola-botanera-350x350.jpg 350w, https:\/\/chiligomis.mx\/wp-content\/uploads\/2025\/03\/charola-botanera.jpg 1100w\" sizes=\"100vw\" \/><h2 class=\"woocommerce-loop-product__title\">Charola Armable 4 Productos<\/h2>\n\t<span class=\"price\"><span class=\"woocommerce-Price-amount amount\"><bdi><span class=\"woocommerce-Price-currencySymbol\">&#36;<\/span>280.00<\/bdi><\/span><\/span>\n<\/a><a href=\"https:\/\/chiligomis.mx\/index.php\/producto\/charola-armable-4-productos\/\" aria-describedby=\"woocommerce_loop_add_to_cart_link_describedby_620\" data-quantity=\"1\" class=\"button product_type_variable add_to_cart_button\" data-product_id=\"620\" data-product_sku=\"\" aria-label=\"Elige las opciones para &ldquo;Charola Armable 4 Productos&rdquo;\" rel=\"nofollow\">Seleccionar opciones<\/a>\t<span id=\"woocommerce_loop_add_to_cart_link_describedby_620\" class=\"screen-reader-text\">\n\t\tEste producto tiene m\u00faltiples variantes. Las opciones se pueden elegir en la p\u00e1gina de producto\t<\/span>\n<\/li>\n<\/ul>\n<\/div>\n<\/div>\n<\/div>\n<\/blockquote>\n\n\n\n<p><\/p>\n","protected":false},"excerpt":{"rendered":"<p>\u00bfTienes antojo de algo delicioso y variado? \u00a1Aqu\u00ed puedes crear tu charola perfecta en solo 3 pasos! \ud83d\udc49 \u00bfC\u00f3mo funciona?<\/p>\n","protected":false},"author":1,"featured_media":0,"parent":0,"menu_order":0,"comment_status":"closed","ping_status":"closed","template":"","meta":{"_joinchat":[],"footnotes":""},"class_list":["post-334","page","type-page","status-publish","hentry"],"_links":{"self":[{"href":"https:\/\/chiligomis.mx\/index.php\/wp-json\/wp\/v2\/pages\/334","targetHints":{"allow":["GET"]}}],"collection":[{"href":"https:\/\/chiligomis.mx\/index.php\/wp-json\/wp\/v2\/pages"}],"about":[{"href":"https:\/\/chiligomis.mx\/index.php\/wp-json\/wp\/v2\/types\/page"}],"author":[{"embeddable":true,"href":"https:\/\/chiligomis.mx\/index.php\/wp-json\/wp\/v2\/users\/1"}],"replies":[{"embeddable":true,"href":"https:\/\/chiligomis.mx\/index.php\/wp-json\/wp\/v2\/comments?post=334"}],"version-history":[{"count":8,"href":"https:\/\/chiligomis.mx\/index.php\/wp-json\/wp\/v2\/pages\/334\/revisions"}],"predecessor-version":[{"id":379,"href":"https:\/\/chiligomis.mx\/index.php\/wp-json\/wp\/v2\/pages\/334\/revisions\/379"}],"wp:attachment":[{"href":"https:\/\/chiligomis.mx\/index.php\/wp-json\/wp\/v2\/media?parent=334"}],"curies":[{"name":"wp","href":"https:\/\/api.w.org\/{rel}","templated":true}]}}